{"id":5843,"date":"2017-03-27T21:01:53","date_gmt":"2017-03-27T19:01:53","guid":{"rendered":"http:\/\/www.kaffeemaschinen-mieten.ch\/?page_id=5843"},"modified":"2023-10-03T15:50:01","modified_gmt":"2023-10-03T13:50:01","slug":"impressum","status":"publish","type":"page","link":"https:\/\/www.kaffeemaschinen-mieten.ch\/?page_id=5843","title":{"rendered":"Impressum"},"content":{"rendered":"<p>Avidox AG<br \/>\nB\u00fcntenweg 14<br \/>\n4702 Oensingen<br \/>\nSchweiz<\/p>\n<p>Telefon: +41 79 322 62 62<br \/>\nE-Mail: info[at]avidox.ch<\/p>\n<p>Eintrag ins Hr: 13. M\u00e4rz 1995<br \/>\nHandelsregister-Nummer: CH320.3.031.525-2<br \/>\nUID: CHE-101.643.572<br \/>\nGesch\u00e4ftsf\u00fchrung: Markus Oppliger<\/p>\n<p><strong>Erkl\u00e4rung:<\/strong><br \/>\nHiermit distanzieren wir uns als Autor dieser Website ausdr\u00fccklich von allen Inhalten aller gelinkten seiten auf dieser Website und machen uns diese Inhalte nicht zu eigen. Diese Erkl\u00e4rung gilt f\u00fcr alle auf dieser Website angebrachten Links.<\/p>\n<p><strong>Copyright:<\/strong><br \/>\nAlle rechte vorbehalten. S\u00e4mtliche Inhalte der Website dienen ausschliesslich der pers\u00f6nlichen Information und sind nicht f\u00fcr den kommerziellen Gebrauch bestimmt. eine Reproduktion und\/oder Weiterverwendung der Inhalte \u00fcber den pers\u00f6nlichen Gebrauch hinaus ist nicht gestattet. Nachdruck und\/oder Vervielf\u00e4ltigung der redaktionellen Inhalte einschliesslich Speicherung und Nutzung auf optischen und elektronischen Datentr\u00e4gern sind nur nach vorheriger schriftlicher Zustimmung der Chefredaktion gestattet. Wird die Zustimmung erteilt, m\u00fcssen die Publikation und der Autor explizit erw\u00e4hnt werden. Jeder Verstoss gegen diese Bestimmungen zieht Straf- oder Zivilrechtliche Folgen nach sich.<\/p>\n","protected":false},"excerpt":{"rendered":"<p>Avidox AG B\u00fcntenweg 14 4702 Oensingen Schweiz Telefon: +41 79 322 62 62 E-Mail: info[at]avidox.ch Eintrag ins Hr: 13. M\u00e4rz 1995 Handelsregister-Nummer: CH320.3.031.525-2 UID: CHE-101.643.572 Gesch\u00e4ftsf\u00fchrung: Markus Oppliger Erkl\u00e4rung: Hiermit distanzieren wir uns als Autor dieser Website ausdr\u00fccklich von allen Inhalten aller gelinkten seiten auf dieser Website und machen uns diese Inhalte nicht zu eigen&#8230;.<\/p>\n","protected":false},"author":1,"featured_media":0,"parent":0,"menu_order":0,"comment_status":"closed","ping_status":"closed","template":"","meta":{"footnotes":""},"_links":{"self":[{"href":"https:\/\/www.kaffeemaschinen-mieten.ch\/index.php?rest_route=\/wp\/v2\/pages\/5843"}],"collection":[{"href":"https:\/\/www.kaffeemaschinen-mieten.ch\/index.php?rest_route=\/wp\/v2\/pages"}],"about":[{"href":"https:\/\/www.kaffeemaschinen-mieten.ch\/index.php?rest_route=\/wp\/v2\/types\/page"}],"author":[{"embeddable":true,"href":"https:\/\/www.kaffeemaschinen-mieten.ch\/index.php?rest_route=\/wp\/v2\/users\/1"}],"replies":[{"embeddable":true,"href":"https:\/\/www.kaffeemaschinen-mieten.ch\/index.php?rest_route=%2Fwp%2Fv2%2Fcomments&post=5843"}],"version-history":[{"count":3,"href":"https:\/\/www.kaffeemaschinen-mieten.ch\/index.php?rest_route=\/wp\/v2\/pages\/5843\/revisions"}],"predecessor-version":[{"id":7336,"href":"https:\/\/www.kaffeemaschinen-mieten.ch\/index.php?rest_route=\/wp\/v2\/pages\/5843\/revisions\/7336"}],"wp:attachment":[{"href":"https:\/\/www.kaffeemaschinen-mieten.ch\/index.php?rest_route=%2Fwp%2Fv2%2Fmedia&parent=5843"}],"curies":[{"name":"wp","href":"https:\/\/api.w.org\/{rel}","templated":true}]}}