{"id":5857,"date":"2017-03-31T09:02:38","date_gmt":"2017-03-31T07:02:38","guid":{"rendered":"http:\/\/www.kaffeemaschinen-mieten.ch\/?page_id=5857"},"modified":"2024-03-04T17:07:20","modified_gmt":"2024-03-04T16:07:20","slug":"preisliste","status":"publish","type":"page","link":"https:\/\/www.kaffeemaschinen-mieten.ch\/?page_id=5857","title":{"rendered":"Preisliste"},"content":{"rendered":"<section class=\"l-section wpb_row height_medium\"><div class=\"l-section-h i-cf\"><div class=\"g-cols vc_row via_grid cols_1 laptops-cols_inherit tablets-cols_inherit mobiles-cols_1 valign_top type_default stacking_default\"><div class=\"wpb_column vc_column_container\"><div class=\"vc_column-inner\"><div class=\"wpb_text_column\"><div class=\"wpb_wrapper\"><p>Sie k\u00f6nnen eine oder mehrere Kaffeemaschinen zu untenstehenden Konditionen mieten. Sie k\u00f6nnen selbst entscheiden, ob Sie die Kaffeemaschine mit oder ohne Zubeh\u00f6r mieten m\u00f6chten.<\/p>\n<\/div><\/div><\/div><\/div><\/div><\/div><\/section><section class=\"l-section wpb_row height_medium\"><div class=\"l-section-h i-cf\"><div class=\"g-cols vc_row via_grid cols_1 laptops-cols_inherit tablets-cols_inherit mobiles-cols_1 valign_top type_default stacking_default\"><div class=\"wpb_column vc_column_container\"><div class=\"vc_column-inner\"><div class=\"w-pricing style_simple items_3\"><div class=\"w-pricing-item type_default\"><div class=\"w-pricing-item-h\"><div class=\"w-pricing-item-header\"><div class=\"w-pricing-item-title\">Miete Ger\u00e4t mit Zubeh\u00f6r<\/div><div class=\"w-pricing-item-price\">CHF 1.05<small>pro Portion inkl. MwSt. (Mindestbezugsmenge 100 Portionen)<\/small><\/div><\/div><ul class=\"w-pricing-item-features\"><li class=\"w-pricing-item-feature\">Kaffeebohnen<\/li><li class=\"w-pricing-item-feature\">5 verschiedene Teesorten<\/li><li class=\"w-pricing-item-feature\">Zuckersticks<\/li><li class=\"w-pricing-item-feature\">Kaffeebecher 1.8 dl<\/li><li class=\"w-pricing-item-feature\">Kaffeebecher 1.0 dl<\/li><li class=\"w-pricing-item-feature\">R\u00fchrst\u00e4bchen<\/li><li class=\"w-pricing-item-feature\">exkl. Kaffeerahm<\/li><\/ul><div class=\"w-pricing-item-footer\"><a class=\"w-btn us-btn-style_5\" style=\"font-size:15px\" href=\"http:\/\/www.kaffeemaschinen-mieten.ch\/?page_id=5916\"><span class=\"w-btn-label\">Zum Bestellformular<\/span><\/a><\/div><\/div><\/div><div class=\"w-pricing-item type_default\"><div class=\"w-pricing-item-h\"><div class=\"w-pricing-item-header\"><div class=\"w-pricing-item-title\">Miete Ger\u00e4t mit Kaffeebohnen <\/div><div class=\"w-pricing-item-price\">CHF 1.00<small>pro Portion inkl. MwSt. (Mindestbezugsmenge 100 Portionen)<\/small><\/div><\/div><ul class=\"w-pricing-item-features\"><li class=\"w-pricing-item-feature\">Mit Kaffee<\/li><li class=\"w-pricing-item-feature\">kein Tee<\/li><li class=\"w-pricing-item-feature\">kein Zucker<\/li><li class=\"w-pricing-item-feature\">keine Becher<\/li><li class=\"w-pricing-item-feature\">keine R\u00fchrst\u00e4bchen<\/li><li class=\"w-pricing-item-feature\">kein Kaffeerahm<\/li><li class=\"w-pricing-item-feature\">Das Zubeh\u00f6r kann vom Mieter selbst organisiert werden.<\/li><\/ul><div class=\"w-pricing-item-footer\"><a class=\"w-btn us-btn-style_5\" style=\"font-size:15px\" href=\"http:\/\/www.kaffeemaschinen-mieten.ch\/?page_id=5916\"><span class=\"w-btn-label\">Zum Bestellformular<\/span><\/a><\/div><\/div><\/div><div class=\"w-pricing-item type_default\"><div class=\"w-pricing-item-h\"><div class=\"w-pricing-item-header\"><div class=\"w-pricing-item-title\">Miete Ger\u00e4t ohne Zubeh\u00f6r<\/div><div class=\"w-pricing-item-price\">CHF 0.95<small>pro Portion inkl. MwSt. (Mindestbezugsmenge 100 Portionen)<\/small><\/div><\/div><ul class=\"w-pricing-item-features\"><li class=\"w-pricing-item-feature\">kein Kaffee<\/li><li class=\"w-pricing-item-feature\">kein Tee<\/li><li class=\"w-pricing-item-feature\">kein Zucker<\/li><li class=\"w-pricing-item-feature\">keine Becher<\/li><li class=\"w-pricing-item-feature\">keine R\u00fchrst\u00e4bchen<\/li><li class=\"w-pricing-item-feature\">kein Kaffeerahm<\/li><li class=\"w-pricing-item-feature\">Das Zubeh\u00f6r kann vom Mieter selbst organisiert werden.<\/li><\/ul><div class=\"w-pricing-item-footer\"><a class=\"w-btn us-btn-style_5\" style=\"font-size:15px\" href=\"http:\/\/www.kaffeemaschinen-mieten.ch\/?page_id=5916\"><span class=\"w-btn-label\">Zum Bestellformular<\/span><\/a><\/div><\/div><\/div><\/div><\/div><\/div><\/div><\/div><\/section><section class=\"l-section wpb_row height_medium\"><div class=\"l-section-h i-cf\"><div class=\"g-cols vc_row via_grid cols_1 laptops-cols_inherit tablets-cols_inherit mobiles-cols_1 valign_top type_default stacking_default\"><div class=\"wpb_column vc_column_container\"><div class=\"vc_column-inner\"><div class=\"w-separator size_medium with_line width_default thick_1 style_solid color_border align_center\"><div class=\"w-separator-h\"><\/div><\/div><div class=\"wpb_text_column\"><div class=\"wpb_wrapper\"><h2 style=\"text-align: left;\"><strong>Preisliste Zubeh\u00f6r:<\/strong><\/h2>\n<\/div><\/div><div class=\"g-cols wpb_row via_grid cols_3 laptops-cols_inherit tablets-cols_inherit mobiles-cols_1 valign_top type_default stacking_default\" style=\"--gap:3rem;\"><div class=\"wpb_column vc_column_container\"><div class=\"vc_column-inner\"><div class=\"wpb_text_column\"><div class=\"wpb_wrapper\"><p>Kaffee 250 gr.<\/p>\n<\/div><\/div><div class=\"w-separator size_medium with_line width_default thick_1 style_solid color_border align_center\"><div class=\"w-separator-h\"><\/div><\/div><div class=\"wpb_text_column\"><div class=\"wpb_wrapper\"><p>Zuckersticks 100\u00a0Stk.<\/p>\n<\/div><\/div><div class=\"w-separator size_medium with_line width_default thick_1 style_solid color_border align_center\"><div class=\"w-separator-h\"><\/div><\/div><div class=\"wpb_text_column\"><div class=\"wpb_wrapper\"><p>Becher 1.8 dl (VE 80 Stk.)<\/p>\n<\/div><\/div><div class=\"w-separator size_medium with_line width_default thick_1 style_solid color_border align_center\"><div class=\"w-separator-h\"><\/div><\/div><div class=\"wpb_text_column\"><div class=\"wpb_wrapper\"><p>Becher 1.0 dl (VE 100 Stk.)<\/p>\n<\/div><\/div><div class=\"w-separator size_medium with_line width_default thick_1 style_solid color_border align_center\"><div class=\"w-separator-h\"><\/div><\/div><div class=\"wpb_text_column\"><div class=\"wpb_wrapper\"><p>Latte Macchiato Becher 2.0 dl (VE 10 Stk.)<\/p>\n<\/div><\/div><div class=\"w-separator size_medium with_line width_default thick_1 style_solid color_border align_center\"><div class=\"w-separator-h\"><\/div><\/div><div class=\"wpb_text_column\"><div class=\"wpb_wrapper\"><p>R\u00fchrst\u00e4bchen (Box 1\u2019000 Stk.)<\/p>\n<\/div><\/div><div class=\"w-separator size_medium with_line width_default thick_1 style_solid color_border align_center\"><div class=\"w-separator-h\"><\/div><\/div><\/div><\/div><div class=\"wpb_column vc_column_container\"><div class=\"vc_column-inner\"><div class=\"wpb_text_column\"><div class=\"wpb_wrapper\"><p>CHF 4.75<\/p>\n<\/div><\/div><div class=\"w-separator size_medium with_line width_default thick_1 style_solid color_border align_center\"><div class=\"w-separator-h\"><\/div><\/div><div class=\"wpb_text_column\"><div class=\"wpb_wrapper\"><p>CHF\u00a02.50<\/p>\n<\/div><\/div><div class=\"w-separator size_medium with_line width_default thick_1 style_solid color_border align_center\"><div class=\"w-separator-h\"><\/div><\/div><div class=\"wpb_text_column\"><div class=\"wpb_wrapper\"><p>CHF 7.50<\/p>\n<\/div><\/div><div class=\"w-separator size_medium with_line width_default thick_1 style_solid color_border align_center\"><div class=\"w-separator-h\"><\/div><\/div><div class=\"wpb_text_column\"><div class=\"wpb_wrapper\"><p>CHF 8.00<\/p>\n<\/div><\/div><div class=\"w-separator size_medium with_line width_default thick_1 style_solid color_border align_center\"><div class=\"w-separator-h\"><\/div><\/div><div class=\"wpb_text_column\"><div class=\"wpb_wrapper\"><p>CHF\u00a01.80<\/p>\n<\/div><\/div><div class=\"w-separator size_medium with_line width_default thick_1 style_solid color_border align_center\"><div class=\"w-separator-h\"><\/div><\/div><div class=\"wpb_text_column\"><div class=\"wpb_wrapper\"><p>CHF\u00a012.00<\/p>\n<\/div><\/div><div class=\"w-separator size_medium with_line width_default thick_1 style_solid color_border align_center\"><div class=\"w-separator-h\"><\/div><\/div><\/div><\/div><\/div><\/div><\/div><\/div><\/div><\/section><section class=\"l-section wpb_row height_medium\"><div class=\"l-section-h i-cf\"><div class=\"g-cols vc_row via_grid cols_1 laptops-cols_inherit tablets-cols_inherit mobiles-cols_1 valign_top type_default stacking_default\"><div class=\"wpb_column vc_column_container\"><div class=\"vc_column-inner\"><div class=\"wpb_text_column\"><div class=\"wpb_wrapper\"><h2 style=\"text-align: left;\"><strong>Lieferpauschale:<\/strong><\/h2>\n<p>Die Lieferpauschale wird ab 4702 Oensingen berechnet. Diese beinhaltet die Hin- sowie R\u00fcckfahrt.<\/p>\n<\/div><\/div><div class=\"g-cols wpb_row via_grid cols_3 laptops-cols_inherit tablets-cols_inherit mobiles-cols_1 valign_top type_default stacking_default\" style=\"--gap:3rem;\"><div class=\"wpb_column vc_column_container\"><div class=\"vc_column-inner\"><div class=\"wpb_text_column\"><div class=\"wpb_wrapper\"><p>Entfernung bis 25 km<\/p>\n<\/div><\/div><div class=\"w-separator size_medium with_line width_default thick_1 style_solid color_border align_center\"><div class=\"w-separator-h\"><\/div><\/div><div class=\"wpb_text_column\"><div class=\"wpb_wrapper\"><p>Entfernung 26 bis 50 km<\/p>\n<\/div><\/div><div class=\"w-separator size_medium with_line width_default thick_1 style_solid color_border align_center\"><div class=\"w-separator-h\"><\/div><\/div><div class=\"wpb_text_column\"><div class=\"wpb_wrapper\"><p>Entfernung 51 bis 75\u00a0km<\/p>\n<\/div><\/div><div class=\"w-separator size_medium with_line width_default thick_1 style_solid color_border align_center\"><div class=\"w-separator-h\"><\/div><\/div><div class=\"wpb_text_column\"><div class=\"wpb_wrapper\"><p>Entfernung 76\u00a0bis 100\u00a0km<\/p>\n<\/div><\/div><div class=\"w-separator size_medium with_line width_default thick_1 style_solid color_border align_center\"><div class=\"w-separator-h\"><\/div><\/div><div class=\"wpb_text_column\"><div class=\"wpb_wrapper\"><p>Entfernung 101\u00a0bis 125\u00a0km<\/p>\n<\/div><\/div><div class=\"w-separator size_medium with_line width_default thick_1 style_solid color_border align_center\"><div class=\"w-separator-h\"><\/div><\/div><div class=\"wpb_text_column\"><div class=\"wpb_wrapper\"><p>Entfernung 126 bis 150\u00a0km<\/p>\n<\/div><\/div><div class=\"w-separator size_medium with_line width_default thick_1 style_solid color_border align_center\"><div class=\"w-separator-h\"><\/div><\/div><div class=\"wpb_text_column\"><div class=\"wpb_wrapper\"><p>Entfernung 151 bis 200\u00a0km<\/p>\n<\/div><\/div><\/div><\/div><div class=\"wpb_column vc_column_container\"><div class=\"vc_column-inner\"><div class=\"wpb_text_column\"><div class=\"wpb_wrapper\"><p>CHF\u00a070.00<\/p>\n<\/div><\/div><div class=\"w-separator size_medium with_line width_default thick_1 style_solid color_border align_center\"><div class=\"w-separator-h\"><\/div><\/div><div class=\"wpb_text_column\"><div class=\"wpb_wrapper\"><p>CHF\u00a090.00<\/p>\n<\/div><\/div><div class=\"w-separator size_medium with_line width_default thick_1 style_solid color_border align_center\"><div class=\"w-separator-h\"><\/div><\/div><div class=\"wpb_text_column\"><div class=\"wpb_wrapper\"><p>CHF\u00a0115.00<\/p>\n<\/div><\/div><div class=\"w-separator size_medium with_line width_default thick_1 style_solid color_border align_center\"><div class=\"w-separator-h\"><\/div><\/div><div class=\"wpb_text_column\"><div class=\"wpb_wrapper\"><p>CHF\u00a0140.00<\/p>\n<\/div><\/div><div class=\"w-separator size_medium with_line width_default thick_1 style_solid color_border align_center\"><div class=\"w-separator-h\"><\/div><\/div><div class=\"wpb_text_column\"><div class=\"wpb_wrapper\"><p>CHF\u00a0170.00<\/p>\n<\/div><\/div><div class=\"w-separator size_medium with_line width_default thick_1 style_solid color_border align_center\"><div class=\"w-separator-h\"><\/div><\/div><div class=\"wpb_text_column\"><div class=\"wpb_wrapper\"><p>CHF 200.00<\/p>\n<\/div><\/div><div class=\"w-separator size_medium with_line width_default thick_1 style_solid color_border align_center\"><div class=\"w-separator-h\"><\/div><\/div><div class=\"wpb_text_column\"><div class=\"wpb_wrapper\"><p>CHF 230.00<\/p>\n<\/div><\/div><\/div><\/div><\/div><\/div><\/div><\/div><\/div><\/section>\n","protected":false},"excerpt":{"rendered":"Sie k\u00f6nnen eine oder mehrere Kaffeemaschinen zu untenstehenden Konditionen mieten. Sie k\u00f6nnen selbst entscheiden, ob Sie die Kaffeemaschine mit oder ohne Zubeh\u00f6r mieten m\u00f6chten. Miete Ger\u00e4t mit Zubeh\u00f6rCHF 1.05pro Portion inkl. MwSt. (Mindestbezugsmenge 100 Portionen)Kaffeebohnen5 verschiedene TeesortenZuckersticksKaffeebecher 1.8 dlKaffeebecher 1.0 dlR\u00fchrst\u00e4bchenexkl. KaffeerahmZum BestellformularMiete Ger\u00e4t mit Kaffeebohnen CHF 1.00pro Portion inkl. MwSt. (Mindestbezugsmenge 100 Portionen)Mit Kaffeekein...","protected":false},"author":1,"featured_media":0,"parent":0,"menu_order":0,"comment_status":"closed","ping_status":"closed","template":"","meta":{"footnotes":""},"_links":{"self":[{"href":"https:\/\/www.kaffeemaschinen-mieten.ch\/index.php?rest_route=\/wp\/v2\/pages\/5857"}],"collection":[{"href":"https:\/\/www.kaffeemaschinen-mieten.ch\/index.php?rest_route=\/wp\/v2\/pages"}],"about":[{"href":"https:\/\/www.kaffeemaschinen-mieten.ch\/index.php?rest_route=\/wp\/v2\/types\/page"}],"author":[{"embeddable":true,"href":"https:\/\/www.kaffeemaschinen-mieten.ch\/index.php?rest_route=\/wp\/v2\/users\/1"}],"replies":[{"embeddable":true,"href":"https:\/\/www.kaffeemaschinen-mieten.ch\/index.php?rest_route=%2Fwp%2Fv2%2Fcomments&post=5857"}],"version-history":[{"count":33,"href":"https:\/\/www.kaffeemaschinen-mieten.ch\/index.php?rest_route=\/wp\/v2\/pages\/5857\/revisions"}],"predecessor-version":[{"id":7532,"href":"https:\/\/www.kaffeemaschinen-mieten.ch\/index.php?rest_route=\/wp\/v2\/pages\/5857\/revisions\/7532"}],"wp:attachment":[{"href":"https:\/\/www.kaffeemaschinen-mieten.ch\/index.php?rest_route=%2Fwp%2Fv2%2Fmedia&parent=5857"}],"curies":[{"name":"wp","href":"https:\/\/api.w.org\/{rel}","templated":true}]}}